{"id":430,"date":"2017-05-15T11:28:55","date_gmt":"2017-05-15T17:28:55","guid":{"rendered":"https:\/\/avanzaing.com\/ingenieria\/?page_id=430"},"modified":"2021-01-21T19:09:31","modified_gmt":"2021-01-22T00:09:31","slug":"calidad-y-uso-de-la-energia","status":"publish","type":"page","link":"https:\/\/avanzaing.com\/ingenieria\/servicios\/calidad-y-uso-de-la-energia\/","title":{"rendered":"Soluciones en calidad y uso racional de la energ\u00eda"},"content":{"rendered":"<p>[et_pb_section fb_built=&#8221;1&#8243; fullwidth=&#8221;on&#8221; admin_label=&#8221;Banner principal&#8221; module_class=&#8221;cabecera&#8221; _builder_version=&#8221;3.0.47&#8243; custom_padding=&#8221;|||&#8221; transparent_background=&#8221;off&#8221; make_fullwidth=&#8221;off&#8221; use_custom_width=&#8221;off&#8221; width_unit=&#8221;on&#8221; global_module=&#8221;969&#8243;][et_pb_fullwidth_slider show_pagination=&#8221;off&#8221; _builder_version=&#8221;3.16&#8243; parallax=&#8221;on&#8221; custom_padding=&#8221;|||&#8221; custom_padding_tablet=&#8221;|||&#8221; custom_padding_phone=&#8221;|||&#8221; auto=&#8221;on&#8221; remove_inner_shadow=&#8221;on&#8221; show_inner_shadow=&#8221;off&#8221; button_text_size__hover_enabled=&#8221;off&#8221; button_one_text_size__hover_enabled=&#8221;off&#8221; button_two_text_size__hover_enabled=&#8221;off&#8221; button_text_color__hover_enabled=&#8221;off&#8221; button_one_text_color__hover_enabled=&#8221;off&#8221; button_two_text_color__hover_enabled=&#8221;off&#8221; button_border_width__hover_enabled=&#8221;off&#8221; button_one_border_width__hover_enabled=&#8221;off&#8221; button_two_border_width__hover_enabled=&#8221;off&#8221; button_border_color__hover_enabled=&#8221;off&#8221; button_one_border_color__hover_enabled=&#8221;off&#8221; button_two_border_color__hover_enabled=&#8221;off&#8221; button_border_radius__hover_enabled=&#8221;off&#8221; button_one_border_radius__hover_enabled=&#8221;off&#8221; button_two_border_radius__hover_enabled=&#8221;off&#8221; button_letter_spacing__hover_enabled=&#8221;off&#8221; button_one_letter_spacing__hover_enabled=&#8221;off&#8221; button_two_letter_spacing__hover_enabled=&#8221;off&#8221; button_bg_color__hover_enabled=&#8221;off&#8221; button_one_bg_color__hover_enabled=&#8221;off&#8221; button_two_bg_color__hover_enabled=&#8221;off&#8221;][et_pb_slide heading=&#8221;Ingenier\u00eda el\u00e9ctrica a su servicio&#8221; _builder_version=&#8221;3.16&#8243; background_color=&#8221;#ffffff&#8221; background_image=&#8221;https:\/\/avanzaing.com\/ingenieria\/wp-content\/uploads\/2017\/05\/avanza-ingenieria-sas-torres-de-transmision.png&#8221; button_text_size__hover_enabled=&#8221;off&#8221; button_one_text_size__hover_enabled=&#8221;off&#8221; button_two_text_size__hover_enabled=&#8221;off&#8221; button_text_color__hover_enabled=&#8221;off&#8221; button_one_text_color__hover_enabled=&#8221;off&#8221; button_two_text_color__hover_enabled=&#8221;off&#8221; button_border_width__hover_enabled=&#8221;off&#8221; button_one_border_width__hover_enabled=&#8221;off&#8221; button_two_border_width__hover_enabled=&#8221;off&#8221; button_border_color__hover_enabled=&#8221;off&#8221; button_one_border_color__hover_enabled=&#8221;off&#8221; button_two_border_color__hover_enabled=&#8221;off&#8221; button_border_radius__hover_enabled=&#8221;off&#8221; button_one_border_radius__hover_enabled=&#8221;off&#8221; button_two_border_radius__hover_enabled=&#8221;off&#8221; button_letter_spacing__hover_enabled=&#8221;off&#8221; button_one_letter_spacing__hover_enabled=&#8221;off&#8221; button_two_letter_spacing__hover_enabled=&#8221;off&#8221; button_bg_color__hover_enabled=&#8221;off&#8221; button_one_bg_color__hover_enabled=&#8221;off&#8221; button_two_bg_color__hover_enabled=&#8221;off&#8221;][\/et_pb_slide][et_pb_slide heading=&#8221;Ingenier\u00eda el\u00e9ctrica a su servicio&#8221; _builder_version=&#8221;3.16&#8243; background_color=&#8221;#ffffff&#8221; background_image=&#8221;https:\/\/avanzaing.com\/ingenieria\/wp-content\/uploads\/2017\/06\/avanza-ingenieria-sas-banner-2-1.jpg&#8221; button_text_size__hover_enabled=&#8221;off&#8221; button_one_text_size__hover_enabled=&#8221;off&#8221; button_two_text_size__hover_enabled=&#8221;off&#8221; button_text_color__hover_enabled=&#8221;off&#8221; button_one_text_color__hover_enabled=&#8221;off&#8221; button_two_text_color__hover_enabled=&#8221;off&#8221; button_border_width__hover_enabled=&#8221;off&#8221; button_one_border_width__hover_enabled=&#8221;off&#8221; button_two_border_width__hover_enabled=&#8221;off&#8221; button_border_color__hover_enabled=&#8221;off&#8221; button_one_border_color__hover_enabled=&#8221;off&#8221; button_two_border_color__hover_enabled=&#8221;off&#8221; button_border_radius__hover_enabled=&#8221;off&#8221; button_one_border_radius__hover_enabled=&#8221;off&#8221; button_two_border_radius__hover_enabled=&#8221;off&#8221; button_letter_spacing__hover_enabled=&#8221;off&#8221; button_one_letter_spacing__hover_enabled=&#8221;off&#8221; button_two_letter_spacing__hover_enabled=&#8221;off&#8221; button_bg_color__hover_enabled=&#8221;off&#8221; button_one_bg_color__hover_enabled=&#8221;off&#8221; button_two_bg_color__hover_enabled=&#8221;off&#8221;][\/et_pb_slide][\/et_pb_fullwidth_slider][\/et_pb_section][et_pb_section fb_built=&#8221;1&#8243; custom_padding_last_edited=&#8221;on|phone&#8221; admin_label=&#8221;section&#8221; _builder_version=&#8221;3.22&#8243; background_color=&#8221;#0e6581&#8243; custom_padding=&#8221;5px||5px|&#8221; custom_padding_tablet=&#8221;&#8221; custom_padding_phone=&#8221;&#8221;][et_pb_row admin_label=&#8221;row&#8221; _builder_version=&#8221;3.25&#8243; background_size=&#8221;initial&#8221; background_position=&#8221;top_left&#8221; background_repeat=&#8221;repeat&#8221;][et_pb_column type=&#8221;4_4&#8243; _builder_version=&#8221;3.25&#8243; custom_padding=&#8221;|||&#8221; custom_padding__hover=&#8221;|||&#8221;][et_pb_text admin_label=&#8221;Text&#8221; _builder_version=&#8221;3.27.4&#8243; background_size=&#8221;initial&#8221; background_position=&#8221;top_left&#8221; background_repeat=&#8221;repeat&#8221; text_orientation=&#8221;center&#8221; background_layout=&#8221;dark&#8221; module_alignment=&#8221;center&#8221;]<\/p>\n<h1>Soluciones en Calidad y Uso Racional de la Energ\u00eda<\/h1>\n<p>[\/et_pb_text][\/et_pb_column][\/et_pb_row][\/et_pb_section][et_pb_section fb_built=&#8221;1&#8243; admin_label=&#8221;section&#8221; _builder_version=&#8221;3.22&#8243; custom_padding=&#8221;20px|||&#8221;][et_pb_row column_structure=&#8221;1_3,2_3&#8243; admin_label=&#8221;row&#8221; _builder_version=&#8221;3.25&#8243; background_size=&#8221;initial&#8221; background_position=&#8221;top_left&#8221; background_repeat=&#8221;repeat&#8221;][et_pb_column type=&#8221;1_3&#8243; _builder_version=&#8221;3.25&#8243; custom_padding=&#8221;|||&#8221; custom_padding__hover=&#8221;|||&#8221;][\/et_pb_column][et_pb_column type=&#8221;2_3&#8243; _builder_version=&#8221;3.25&#8243; custom_padding=&#8221;|||&#8221; custom_padding__hover=&#8221;|||&#8221;][et_pb_text admin_label=&#8221;Text&#8221; _builder_version=&#8221;3.27.4&#8243; background_size=&#8221;initial&#8221; background_position=&#8221;top_left&#8221; background_repeat=&#8221;repeat&#8221;]<\/p>\n<h2>Oferta Principal<\/h2>\n<p style=\"text-align: justify;\">\n<ul>\n<li style=\"text-align: justify;\">Soluciones en calidad y uso racional de la energ\u00eda.<\/li>\n<li style=\"text-align: justify;\">An\u00e1lisis y evaluaci\u00f3n de riesgos por descargas atmosf\u00e9ricas y riesgo el\u00e9ctrico.<\/li>\n<li style=\"text-align: justify;\">Construcci\u00f3n de sistemas integrales de protecci\u00f3n contra rayos (SIPRA).<\/li>\n<li style=\"text-align: justify;\">Construcci\u00f3n de sistemas de puesta a tierra.<\/li>\n<li style=\"text-align: justify;\">Estudios especializados en optimizaci\u00f3n y uso racional de energ\u00eda.<\/li>\n<li style=\"text-align: justify;\">An\u00e1lisis para implementar sistemas que mejoren la calidad de la energ\u00eda (Sags, Swells, Transitorios, Arm\u00f3nicos, Flicker, etc).<\/li>\n<li style=\"text-align: justify;\">Medici\u00f3n de curvas de demanda de transformadores y tableros.<\/li>\n<li style=\"text-align: justify;\">Inspecci\u00f3n y verificaci\u00f3n de componentes el\u00e9ctricos y mecanismos por termograf\u00eda.<\/li>\n<li style=\"text-align: justify;\">Desarrollo de ingenier\u00eda de detalle como an\u00e1lisis de flujo de carga en sistemas el\u00e9ctricos, an\u00e1lisis de flujo de arm\u00f3nicos y flicker, c\u00e1lculo de corrientes de cortocircuitos (fallos) y coordinaci\u00f3n de protecciones en sistemas el\u00e9ctricos y coordinaci\u00f3n de aislamiento.<\/li>\n<\/ul>\n<p>[\/et_pb_text][\/et_pb_column][\/et_pb_row][\/et_pb_section]<\/p>\n","protected":false},"excerpt":{"rendered":"<p>Soluciones en Calidad y Uso Racional de la Energ\u00eda Oferta Principal Soluciones en calidad y uso racional de la energ\u00eda. An\u00e1lisis y evaluaci\u00f3n de riesgos por descargas atmosf\u00e9ricas y riesgo el\u00e9ctrico. Construcci\u00f3n de sistemas integrales de protecci\u00f3n contra rayos (SIPRA). Construcci\u00f3n de sistemas de puesta a tierra. Estudios especializados en optimizaci\u00f3n y uso racional de [&hellip;]<\/p>\n","protected":false},"author":1,"featured_media":0,"parent":422,"menu_order":2,"comment_status":"closed","ping_status":"closed","template":"","meta":{"_et_pb_use_builder":"on","_et_pb_old_content":"","_et_gb_content_width":""},"_links":{"self":[{"href":"https:\/\/avanzaing.com\/ingenieria\/wp-json\/wp\/v2\/pages\/430"}],"collection":[{"href":"https:\/\/avanzaing.com\/ingenieria\/wp-json\/wp\/v2\/pages"}],"about":[{"href":"https:\/\/avanzaing.com\/ingenieria\/wp-json\/wp\/v2\/types\/page"}],"author":[{"embeddable":true,"href":"https:\/\/avanzaing.com\/ingenieria\/wp-json\/wp\/v2\/users\/1"}],"replies":[{"embeddable":true,"href":"https:\/\/avanzaing.com\/ingenieria\/wp-json\/wp\/v2\/comments?post=430"}],"version-history":[{"count":7,"href":"https:\/\/avanzaing.com\/ingenieria\/wp-json\/wp\/v2\/pages\/430\/revisions"}],"predecessor-version":[{"id":1375,"href":"https:\/\/avanzaing.com\/ingenieria\/wp-json\/wp\/v2\/pages\/430\/revisions\/1375"}],"up":[{"embeddable":true,"href":"https:\/\/avanzaing.com\/ingenieria\/wp-json\/wp\/v2\/pages\/422"}],"wp:attachment":[{"href":"https:\/\/avanzaing.com\/ingenieria\/wp-json\/wp\/v2\/media?parent=430"}],"curies":[{"name":"wp","href":"https:\/\/api.w.org\/{rel}","templated":true}]}}