{"id":426,"date":"2017-05-15T11:24:05","date_gmt":"2017-05-15T17:24:05","guid":{"rendered":"https:\/\/avanzaing.com\/ingenieria\/?page_id=426"},"modified":"2021-01-21T19:22:36","modified_gmt":"2021-01-22T00:22:36","slug":"montajes-electricos","status":"publish","type":"page","link":"https:\/\/avanzaing.com\/ingenieria\/servicios\/montajes-electricos\/","title":{"rendered":"Montajes el\u00e9ctricos"},"content":{"rendered":"<p>[et_pb_section fb_built=&#8221;1&#8243; fullwidth=&#8221;on&#8221; admin_label=&#8221;Banner principal&#8221; module_class=&#8221;cabecera&#8221; _builder_version=&#8221;3.0.47&#8243; custom_padding=&#8221;|||&#8221; global_module=&#8221;969&#8243;][et_pb_fullwidth_slider show_pagination=&#8221;off&#8221; _builder_version=&#8221;3.16&#8243; parallax=&#8221;on&#8221; custom_padding=&#8221;|||&#8221; custom_padding_tablet=&#8221;|||&#8221; custom_padding_phone=&#8221;|||&#8221; auto=&#8221;on&#8221; remove_inner_shadow=&#8221;on&#8221; show_inner_shadow=&#8221;off&#8221; button_text_size__hover_enabled=&#8221;off&#8221; button_one_text_size__hover_enabled=&#8221;off&#8221; button_two_text_size__hover_enabled=&#8221;off&#8221; button_text_color__hover_enabled=&#8221;off&#8221; button_one_text_color__hover_enabled=&#8221;off&#8221; button_two_text_color__hover_enabled=&#8221;off&#8221; button_border_width__hover_enabled=&#8221;off&#8221; button_one_border_width__hover_enabled=&#8221;off&#8221; button_two_border_width__hover_enabled=&#8221;off&#8221; button_border_color__hover_enabled=&#8221;off&#8221; button_one_border_color__hover_enabled=&#8221;off&#8221; button_two_border_color__hover_enabled=&#8221;off&#8221; button_border_radius__hover_enabled=&#8221;off&#8221; button_one_border_radius__hover_enabled=&#8221;off&#8221; button_two_border_radius__hover_enabled=&#8221;off&#8221; button_letter_spacing__hover_enabled=&#8221;off&#8221; button_one_letter_spacing__hover_enabled=&#8221;off&#8221; button_two_letter_spacing__hover_enabled=&#8221;off&#8221; button_bg_color__hover_enabled=&#8221;off&#8221; button_one_bg_color__hover_enabled=&#8221;off&#8221; button_two_bg_color__hover_enabled=&#8221;off&#8221;][et_pb_slide heading=&#8221;Ingenier\u00eda el\u00e9ctrica a su servicio&#8221; _builder_version=&#8221;3.16&#8243; background_color=&#8221;#ffffff&#8221; background_image=&#8221;https:\/\/avanzaing.com\/ingenieria\/wp-content\/uploads\/2017\/05\/avanza-ingenieria-sas-torres-de-transmision.png&#8221; button_text_size__hover_enabled=&#8221;off&#8221; button_one_text_size__hover_enabled=&#8221;off&#8221; button_two_text_size__hover_enabled=&#8221;off&#8221; button_text_color__hover_enabled=&#8221;off&#8221; button_one_text_color__hover_enabled=&#8221;off&#8221; button_two_text_color__hover_enabled=&#8221;off&#8221; button_border_width__hover_enabled=&#8221;off&#8221; button_one_border_width__hover_enabled=&#8221;off&#8221; button_two_border_width__hover_enabled=&#8221;off&#8221; button_border_color__hover_enabled=&#8221;off&#8221; button_one_border_color__hover_enabled=&#8221;off&#8221; button_two_border_color__hover_enabled=&#8221;off&#8221; button_border_radius__hover_enabled=&#8221;off&#8221; button_one_border_radius__hover_enabled=&#8221;off&#8221; button_two_border_radius__hover_enabled=&#8221;off&#8221; button_letter_spacing__hover_enabled=&#8221;off&#8221; button_one_letter_spacing__hover_enabled=&#8221;off&#8221; button_two_letter_spacing__hover_enabled=&#8221;off&#8221; button_bg_color__hover_enabled=&#8221;off&#8221; button_one_bg_color__hover_enabled=&#8221;off&#8221; button_two_bg_color__hover_enabled=&#8221;off&#8221;][\/et_pb_slide][et_pb_slide heading=&#8221;Ingenier\u00eda el\u00e9ctrica a su servicio&#8221; _builder_version=&#8221;3.16&#8243; background_color=&#8221;#ffffff&#8221; background_image=&#8221;https:\/\/avanzaing.com\/ingenieria\/wp-content\/uploads\/2017\/06\/avanza-ingenieria-sas-banner-2-1.jpg&#8221; button_text_size__hover_enabled=&#8221;off&#8221; button_one_text_size__hover_enabled=&#8221;off&#8221; button_two_text_size__hover_enabled=&#8221;off&#8221; button_text_color__hover_enabled=&#8221;off&#8221; button_one_text_color__hover_enabled=&#8221;off&#8221; button_two_text_color__hover_enabled=&#8221;off&#8221; button_border_width__hover_enabled=&#8221;off&#8221; button_one_border_width__hover_enabled=&#8221;off&#8221; button_two_border_width__hover_enabled=&#8221;off&#8221; button_border_color__hover_enabled=&#8221;off&#8221; button_one_border_color__hover_enabled=&#8221;off&#8221; button_two_border_color__hover_enabled=&#8221;off&#8221; button_border_radius__hover_enabled=&#8221;off&#8221; button_one_border_radius__hover_enabled=&#8221;off&#8221; button_two_border_radius__hover_enabled=&#8221;off&#8221; button_letter_spacing__hover_enabled=&#8221;off&#8221; button_one_letter_spacing__hover_enabled=&#8221;off&#8221; button_two_letter_spacing__hover_enabled=&#8221;off&#8221; button_bg_color__hover_enabled=&#8221;off&#8221; button_one_bg_color__hover_enabled=&#8221;off&#8221; button_two_bg_color__hover_enabled=&#8221;off&#8221;][\/et_pb_slide][\/et_pb_fullwidth_slider][\/et_pb_section][et_pb_section fb_built=&#8221;1&#8243; custom_padding_last_edited=&#8221;on|phone&#8221; admin_label=&#8221;section&#8221; _builder_version=&#8221;3.22&#8243; background_color=&#8221;#0e6581&#8243; custom_padding=&#8221;5px||5px|&#8221; custom_padding_tablet=&#8221;&#8221; custom_padding_phone=&#8221;&#8221;][et_pb_row admin_label=&#8221;row&#8221; _builder_version=&#8221;3.25&#8243; background_size=&#8221;initial&#8221; background_position=&#8221;top_left&#8221; background_repeat=&#8221;repeat&#8221;][et_pb_column type=&#8221;4_4&#8243; _builder_version=&#8221;3.25&#8243; custom_padding=&#8221;|||&#8221; custom_padding__hover=&#8221;|||&#8221;][et_pb_text _builder_version=&#8221;3.27.4&#8243; background_size=&#8221;initial&#8221; background_position=&#8221;top_left&#8221; background_repeat=&#8221;repeat&#8221; text_orientation=&#8221;center&#8221; background_layout=&#8221;dark&#8221; module_alignment=&#8221;center&#8221;]<\/p>\n<h1>Montajes el\u00e9ctricos<\/h1>\n<p>[\/et_pb_text][\/et_pb_column][\/et_pb_row][\/et_pb_section][et_pb_section fb_built=&#8221;1&#8243; admin_label=&#8221;section&#8221; _builder_version=&#8221;3.22&#8243; custom_padding=&#8221;20px|||&#8221;][et_pb_row admin_label=&#8221;row&#8221; _builder_version=&#8221;3.25&#8243; background_size=&#8221;initial&#8221; background_position=&#8221;top_left&#8221; background_repeat=&#8221;repeat&#8221;][et_pb_column type=&#8221;4_4&#8243; _builder_version=&#8221;3.25&#8243; custom_padding=&#8221;|||&#8221; custom_padding__hover=&#8221;|||&#8221;][et_pb_text _builder_version=&#8221;3.27.4&#8243; background_size=&#8221;initial&#8221; background_position=&#8221;top_left&#8221; background_repeat=&#8221;repeat&#8221;]<\/p>\n<h2>Oferta principal<\/h2>\n<p style=\"text-align: justify;\">Dise\u00f1o, suministro, instalaci\u00f3n, puesta en\u00a0funcionamiento y mantenimiento de:<\/p>\n<p>[\/et_pb_text][\/et_pb_column][\/et_pb_row][et_pb_row admin_label=&#8221;row&#8221; _builder_version=&#8221;3.25&#8243; background_size=&#8221;initial&#8221; background_position=&#8221;top_left&#8221; background_repeat=&#8221;repeat&#8221;][et_pb_column type=&#8221;4_4&#8243; _builder_version=&#8221;3.25&#8243; custom_padding=&#8221;|||&#8221; custom_padding__hover=&#8221;|||&#8221;][et_pb_text _builder_version=&#8221;3.27.4&#8243; header_font_size=&#8221;20px&#8221; background_color=&#8221;#f4f4f4&#8243; background_size=&#8221;initial&#8221; background_position=&#8221;top_left&#8221; background_repeat=&#8221;repeat&#8221; text_orientation=&#8221;center&#8221; max_width=&#8221;100%&#8221; max_width_tablet=&#8221;100%&#8221; max_width_phone=&#8221;100%&#8221; max_width_last_edited=&#8221;off|desktop&#8221; module_alignment=&#8221;center&#8221; custom_margin_tablet=&#8221;|||&#8221; custom_margin_phone=&#8221;&#8221; custom_margin_last_edited=&#8221;on|phone&#8221; custom_css_main_element=&#8221;overflow-x:auto;&#8221;]<\/p>\n<table style=\"width: 1080px; height: 50px; margin-left: auto; margin-right: auto;\">\n<tbody>\n<tr>\n<td style=\"width: 10px;\"><\/td>\n<td style=\"width: 10px; text-align: center;\">\n<h2>Sector industrial<\/h2>\n<\/td>\n<td style=\"width: 10px; text-align: center;\">\n<h2 style=\"text-align: center;\">Sector comercial<\/h2>\n<\/td>\n<td style=\"width: 10px; text-align: center;\">\n<h2>Sector institucional<\/h2>\n<\/td>\n<td style=\"width: 10px; text-align: center;\">\n<h2>Sector residencial<\/h2>\n<\/td>\n<\/tr>\n<tr>\n<td style=\"width: 10px;\">\n<h3>Centros de control de motores<\/h3>\n<\/td>\n<td style=\"width: 10px; text-align: center;\"><img decoding=\"async\" loading=\"lazy\" class=\"wp-image-270 alignnone size-full\" src=\"https:\/\/avanzaing.com\/ingenieria\/wp-content\/uploads\/2017\/05\/check-1-1.png\" alt=\"\" width=\"30\" height=\"30\" \/><\/td>\n<td style=\"width: 10px; text-align: center;\"><\/td>\n<td style=\"width: 10px; text-align: center;\"><\/td>\n<td style=\"width: 10px; text-align: center;\"><\/td>\n<\/tr>\n<tr>\n<td style=\"width: 10px;\">\n<h3>Centros de transformaci\u00f3n<\/h3>\n<\/td>\n<td style=\"width: 10px; text-align: center;\"><img decoding=\"async\" loading=\"lazy\" class=\"wp-image-270 alignnone size-full\" src=\"https:\/\/avanzaing.com\/ingenieria\/wp-content\/uploads\/2017\/05\/check-1-1.png\" alt=\"\" width=\"30\" height=\"30\" \/><\/td>\n<td style=\"width: 10px; text-align: center;\"><img decoding=\"async\" loading=\"lazy\" class=\"wp-image-270 alignnone size-full\" src=\"https:\/\/avanzaing.com\/ingenieria\/wp-content\/uploads\/2017\/05\/check-1-1.png\" alt=\"\" width=\"30\" height=\"30\" \/><\/td>\n<td style=\"width: 10px; text-align: center;\"><img decoding=\"async\" loading=\"lazy\" class=\"wp-image-270 alignnone size-full\" src=\"https:\/\/avanzaing.com\/ingenieria\/wp-content\/uploads\/2017\/05\/check-1-1.png\" alt=\"\" width=\"30\" height=\"30\" \/><\/td>\n<td style=\"width: 10px; text-align: center;\"><img decoding=\"async\" loading=\"lazy\" class=\"wp-image-270 alignnone size-full\" src=\"https:\/\/avanzaing.com\/ingenieria\/wp-content\/uploads\/2017\/05\/check-1-1.png\" alt=\"\" width=\"30\" height=\"30\" \/><\/td>\n<\/tr>\n<tr>\n<td style=\"width: 10px;\">\n<h3>Circuitos cerrados de televisi\u00f3n y redes de comunicaciones<\/h3>\n<\/td>\n<td style=\"width: 10px; text-align: center;\"><img decoding=\"async\" loading=\"lazy\" class=\"wp-image-270 alignnone size-full\" src=\"https:\/\/avanzaing.com\/ingenieria\/wp-content\/uploads\/2017\/05\/check-1-1.png\" alt=\"\" width=\"30\" height=\"30\" \/><\/td>\n<td style=\"width: 10px; text-align: center;\"><img decoding=\"async\" loading=\"lazy\" class=\"wp-image-270 alignnone size-full\" src=\"https:\/\/avanzaing.com\/ingenieria\/wp-content\/uploads\/2017\/05\/check-1-1.png\" alt=\"\" width=\"30\" height=\"30\" \/><\/td>\n<td style=\"width: 10px; text-align: center;\"><img decoding=\"async\" loading=\"lazy\" class=\"wp-image-270 alignnone size-full\" src=\"https:\/\/avanzaing.com\/ingenieria\/wp-content\/uploads\/2017\/05\/check-1-1.png\" alt=\"\" width=\"30\" height=\"30\" \/><\/td>\n<td style=\"width: 10px; text-align: center;\"><img decoding=\"async\" loading=\"lazy\" class=\"wp-image-270 alignnone size-full\" src=\"https:\/\/avanzaing.com\/ingenieria\/wp-content\/uploads\/2017\/05\/check-1-1.png\" alt=\"\" width=\"30\" height=\"30\" \/><\/td>\n<\/tr>\n<tr>\n<td style=\"width: 10px;\">\n<h3>Iluminaci\u00f3n convencional y tipo LED<\/h3>\n<\/td>\n<td style=\"width: 10px; text-align: center;\"><img decoding=\"async\" loading=\"lazy\" class=\"wp-image-270 alignnone size-full\" src=\"https:\/\/avanzaing.com\/ingenieria\/wp-content\/uploads\/2017\/05\/check-1-1.png\" alt=\"\" width=\"30\" height=\"30\" \/><\/td>\n<td style=\"width: 10px; text-align: center;\"><img decoding=\"async\" loading=\"lazy\" class=\"wp-image-270 alignnone size-full\" src=\"https:\/\/avanzaing.com\/ingenieria\/wp-content\/uploads\/2017\/05\/check-1-1.png\" alt=\"\" width=\"30\" height=\"30\" \/><\/td>\n<td style=\"width: 10px; text-align: center;\"><img decoding=\"async\" loading=\"lazy\" class=\"wp-image-270 alignnone size-full\" src=\"https:\/\/avanzaing.com\/ingenieria\/wp-content\/uploads\/2017\/05\/check-1-1.png\" alt=\"\" width=\"30\" height=\"30\" \/><\/td>\n<td style=\"width: 10px; text-align: center;\"><img decoding=\"async\" loading=\"lazy\" class=\"wp-image-270 alignnone size-full\" src=\"https:\/\/avanzaing.com\/ingenieria\/wp-content\/uploads\/2017\/05\/check-1-1.png\" alt=\"\" width=\"30\" height=\"30\" \/><\/td>\n<\/tr>\n<tr>\n<td style=\"width: 10px;\">\n<h3>Instalaciones el\u00e9ctricas interiores y exteriores<\/h3>\n<\/td>\n<td style=\"width: 10px; text-align: center;\"><img decoding=\"async\" loading=\"lazy\" class=\"wp-image-270 alignnone size-full\" src=\"https:\/\/avanzaing.com\/ingenieria\/wp-content\/uploads\/2017\/05\/check-1-1.png\" alt=\"\" width=\"30\" height=\"30\" \/><\/td>\n<td style=\"width: 10px; text-align: center;\"><img decoding=\"async\" loading=\"lazy\" class=\"wp-image-270 alignnone size-full\" src=\"https:\/\/avanzaing.com\/ingenieria\/wp-content\/uploads\/2017\/05\/check-1-1.png\" alt=\"\" width=\"30\" height=\"30\" \/><\/td>\n<td style=\"width: 10px; text-align: center;\"><img decoding=\"async\" loading=\"lazy\" class=\"wp-image-270 alignnone size-full\" src=\"https:\/\/avanzaing.com\/ingenieria\/wp-content\/uploads\/2017\/05\/check-1-1.png\" alt=\"\" width=\"30\" height=\"30\" \/><\/td>\n<td style=\"width: 10px; text-align: center;\"><img decoding=\"async\" loading=\"lazy\" class=\"wp-image-270 alignnone size-full\" src=\"https:\/\/avanzaing.com\/ingenieria\/wp-content\/uploads\/2017\/05\/check-1-1.png\" alt=\"\" width=\"30\" height=\"30\" \/><\/td>\n<\/tr>\n<tr>\n<td style=\"width: 10px;\">\n<h3>Plantas de emergencia y grupos electr\u00f3genos<\/h3>\n<\/td>\n<td style=\"width: 10px; text-align: center;\"><img decoding=\"async\" loading=\"lazy\" class=\"wp-image-270 alignnone size-full\" src=\"https:\/\/avanzaing.com\/ingenieria\/wp-content\/uploads\/2017\/05\/check-1-1.png\" alt=\"\" width=\"30\" height=\"30\" \/><\/td>\n<td style=\"width: 10px; text-align: center;\"><img decoding=\"async\" loading=\"lazy\" class=\"wp-image-270 alignnone size-full\" src=\"https:\/\/avanzaing.com\/ingenieria\/wp-content\/uploads\/2017\/05\/check-1-1.png\" alt=\"\" width=\"30\" height=\"30\" \/><\/td>\n<td style=\"width: 10px; text-align: center;\"><img decoding=\"async\" loading=\"lazy\" class=\"wp-image-270 alignnone size-full\" src=\"https:\/\/avanzaing.com\/ingenieria\/wp-content\/uploads\/2017\/05\/check-1-1.png\" alt=\"\" width=\"30\" height=\"30\" \/><\/td>\n<td style=\"width: 10px; text-align: center;\"><img decoding=\"async\" loading=\"lazy\" class=\"wp-image-270 alignnone size-full\" src=\"https:\/\/avanzaing.com\/ingenieria\/wp-content\/uploads\/2017\/05\/check-1-1.png\" alt=\"\" width=\"30\" height=\"30\" \/><\/td>\n<\/tr>\n<tr>\n<td style=\"width: 10px;\">\n<h3>Redes de alumbrado p\u00fablico<\/h3>\n<\/td>\n<td style=\"width: 10px; text-align: center;\"><img decoding=\"async\" loading=\"lazy\" class=\"wp-image-270 alignnone size-full\" src=\"https:\/\/avanzaing.com\/ingenieria\/wp-content\/uploads\/2017\/05\/check-1-1.png\" alt=\"\" width=\"30\" height=\"30\" \/><\/td>\n<td style=\"width: 10px; text-align: center;\"><img decoding=\"async\" loading=\"lazy\" class=\"wp-image-270 alignnone size-full\" src=\"https:\/\/avanzaing.com\/ingenieria\/wp-content\/uploads\/2017\/05\/check-1-1.png\" alt=\"\" width=\"30\" height=\"30\" \/><\/td>\n<td style=\"width: 10px; text-align: center;\"><img decoding=\"async\" loading=\"lazy\" class=\"wp-image-270 alignnone size-full\" src=\"https:\/\/avanzaing.com\/ingenieria\/wp-content\/uploads\/2017\/05\/check-1-1.png\" alt=\"\" width=\"30\" height=\"30\" \/><\/td>\n<td style=\"width: 10px; text-align: center;\"><\/td>\n<\/tr>\n<tr>\n<td style=\"width: 10px;\">\n<h3>Redes de cableado estructurado<\/h3>\n<\/td>\n<td style=\"width: 10px; text-align: center;\"><img decoding=\"async\" loading=\"lazy\" class=\"wp-image-270 alignnone size-full\" src=\"https:\/\/avanzaing.com\/ingenieria\/wp-content\/uploads\/2017\/05\/check-1-1.png\" alt=\"\" width=\"30\" height=\"30\" \/><\/td>\n<td style=\"width: 10px; text-align: center;\"><img decoding=\"async\" loading=\"lazy\" class=\"wp-image-270 alignnone size-full\" src=\"https:\/\/avanzaing.com\/ingenieria\/wp-content\/uploads\/2017\/05\/check-1-1.png\" alt=\"\" width=\"30\" height=\"30\" \/><\/td>\n<td style=\"width: 10px; text-align: center;\"><img decoding=\"async\" loading=\"lazy\" class=\"wp-image-270 alignnone size-full\" src=\"https:\/\/avanzaing.com\/ingenieria\/wp-content\/uploads\/2017\/05\/check-1-1.png\" alt=\"\" width=\"30\" height=\"30\" \/><\/td>\n<td style=\"width: 10px; text-align: center;\"><\/td>\n<\/tr>\n<tr>\n<td style=\"width: 10px;\">\n<h3>Redes el\u00e9ctricas de baja, media y alta tensi\u00f3n<\/h3>\n<\/td>\n<td style=\"width: 10px; text-align: center;\"><img decoding=\"async\" loading=\"lazy\" class=\"wp-image-270 alignnone size-full\" src=\"https:\/\/avanzaing.com\/ingenieria\/wp-content\/uploads\/2017\/05\/check-1-1.png\" alt=\"\" width=\"30\" height=\"30\" \/><\/td>\n<td style=\"width: 10px; text-align: center;\"><img decoding=\"async\" loading=\"lazy\" class=\"wp-image-270 alignnone size-full\" src=\"https:\/\/avanzaing.com\/ingenieria\/wp-content\/uploads\/2017\/05\/check-1-1.png\" alt=\"\" width=\"30\" height=\"30\" \/><\/td>\n<td style=\"width: 10px; text-align: center;\"><img decoding=\"async\" loading=\"lazy\" class=\"wp-image-270 alignnone size-full\" src=\"https:\/\/avanzaing.com\/ingenieria\/wp-content\/uploads\/2017\/05\/check-1-1.png\" alt=\"\" width=\"30\" height=\"30\" \/><\/td>\n<td style=\"width: 10px; text-align: center;\"><img decoding=\"async\" loading=\"lazy\" class=\"wp-image-270 alignnone size-full\" src=\"https:\/\/avanzaing.com\/ingenieria\/wp-content\/uploads\/2017\/05\/check-1-1.png\" alt=\"\" width=\"30\" height=\"30\" \/><\/td>\n<\/tr>\n<tr>\n<td style=\"width: 10px;\">\n<h3>Redes\u00a0reguladas ininterrumpidas<\/h3>\n<\/td>\n<td style=\"width: 10px; text-align: center;\"><img decoding=\"async\" loading=\"lazy\" class=\"wp-image-270 alignnone size-full\" src=\"https:\/\/avanzaing.com\/ingenieria\/wp-content\/uploads\/2017\/05\/check-1-1.png\" alt=\"\" width=\"30\" height=\"30\" \/><\/td>\n<td style=\"width: 10px; text-align: center;\"><img decoding=\"async\" loading=\"lazy\" class=\"wp-image-270 alignnone size-full\" src=\"https:\/\/avanzaing.com\/ingenieria\/wp-content\/uploads\/2017\/05\/check-1-1.png\" alt=\"\" width=\"30\" height=\"30\" \/><\/td>\n<td style=\"width: 10px; text-align: center;\"><img decoding=\"async\" loading=\"lazy\" class=\"wp-image-270 alignnone size-full\" src=\"https:\/\/avanzaing.com\/ingenieria\/wp-content\/uploads\/2017\/05\/check-1-1.png\" alt=\"\" width=\"30\" height=\"30\" \/><\/td>\n<td style=\"width: 10px; text-align: center;\"><\/td>\n<\/tr>\n<tr>\n<td style=\"width: 10px;\">\n<h3>Sistemas de control de iluminaci\u00f3n, inm\u00f3tica y dom\u00f3tica<\/h3>\n<\/td>\n<td style=\"width: 10px; text-align: center;\"><img decoding=\"async\" loading=\"lazy\" class=\"wp-image-270 alignnone size-full\" src=\"https:\/\/avanzaing.com\/ingenieria\/wp-content\/uploads\/2017\/05\/check-1-1.png\" alt=\"\" width=\"30\" height=\"30\" \/><\/td>\n<td style=\"width: 10px; text-align: center;\"><img decoding=\"async\" loading=\"lazy\" class=\"wp-image-270 alignnone size-full\" src=\"https:\/\/avanzaing.com\/ingenieria\/wp-content\/uploads\/2017\/05\/check-1-1.png\" alt=\"\" width=\"30\" height=\"30\" \/><\/td>\n<td style=\"width: 10px; text-align: center;\"><img decoding=\"async\" loading=\"lazy\" class=\"wp-image-270 alignnone size-full\" src=\"https:\/\/avanzaing.com\/ingenieria\/wp-content\/uploads\/2017\/05\/check-1-1.png\" alt=\"\" width=\"30\" height=\"30\" \/><\/td>\n<td style=\"width: 10px; text-align: center;\"><img decoding=\"async\" loading=\"lazy\" class=\"wp-image-270 alignnone size-full\" src=\"https:\/\/avanzaing.com\/ingenieria\/wp-content\/uploads\/2017\/05\/check-1-1.png\" alt=\"\" width=\"30\" height=\"30\" \/><\/td>\n<\/tr>\n<tr>\n<td style=\"width: 10px;\">\n<h3>Sistemas de detecci\u00f3n de incendios<\/h3>\n<\/td>\n<td style=\"width: 10px; text-align: center;\"><img decoding=\"async\" loading=\"lazy\" class=\"wp-image-270 alignnone size-full\" src=\"https:\/\/avanzaing.com\/ingenieria\/wp-content\/uploads\/2017\/05\/check-1-1.png\" alt=\"\" width=\"30\" height=\"30\" \/><\/td>\n<td style=\"width: 10px; text-align: center;\"><img decoding=\"async\" loading=\"lazy\" class=\"wp-image-270 alignnone size-full\" src=\"https:\/\/avanzaing.com\/ingenieria\/wp-content\/uploads\/2017\/05\/check-1-1.png\" alt=\"\" width=\"30\" height=\"30\" \/><\/td>\n<td style=\"width: 10px; text-align: center;\"><img decoding=\"async\" loading=\"lazy\" class=\"wp-image-270 alignnone size-full\" src=\"https:\/\/avanzaing.com\/ingenieria\/wp-content\/uploads\/2017\/05\/check-1-1.png\" alt=\"\" width=\"30\" height=\"30\" \/><\/td>\n<td style=\"width: 10px; text-align: center;\"><img decoding=\"async\" loading=\"lazy\" class=\"wp-image-270 alignnone size-full\" src=\"https:\/\/avanzaing.com\/ingenieria\/wp-content\/uploads\/2017\/05\/check-1-1.png\" alt=\"\" width=\"30\" height=\"30\" \/><\/td>\n<\/tr>\n<tr>\n<td style=\"width: 10px;\">\n<h3>Sistemas generales de puesta a tierra<\/h3>\n<\/td>\n<td style=\"width: 10px; text-align: center;\"><img decoding=\"async\" loading=\"lazy\" class=\"wp-image-270 alignnone size-full\" src=\"https:\/\/avanzaing.com\/ingenieria\/wp-content\/uploads\/2017\/05\/check-1-1.png\" alt=\"\" width=\"30\" height=\"30\" \/><\/td>\n<td style=\"width: 10px; text-align: center;\"><img decoding=\"async\" loading=\"lazy\" class=\"wp-image-270 alignnone size-full\" src=\"https:\/\/avanzaing.com\/ingenieria\/wp-content\/uploads\/2017\/05\/check-1-1.png\" alt=\"\" width=\"30\" height=\"30\" \/><\/td>\n<td style=\"width: 10px; text-align: center;\"><img decoding=\"async\" loading=\"lazy\" class=\"wp-image-270 alignnone size-full\" src=\"https:\/\/avanzaing.com\/ingenieria\/wp-content\/uploads\/2017\/05\/check-1-1.png\" alt=\"\" width=\"30\" height=\"30\" \/><\/td>\n<td style=\"width: 10px; text-align: center;\"><img decoding=\"async\" loading=\"lazy\" class=\"wp-image-270 alignnone size-full\" src=\"https:\/\/avanzaing.com\/ingenieria\/wp-content\/uploads\/2017\/05\/check-1-1.png\" alt=\"\" width=\"30\" height=\"30\" \/><\/td>\n<\/tr>\n<tr>\n<td style=\"width: 10px;\">\n<h3>Sistemas integrales de protecci\u00f3n contra rayos<\/h3>\n<\/td>\n<td style=\"width: 10px; text-align: center;\"><img decoding=\"async\" loading=\"lazy\" class=\"wp-image-270 alignnone size-full\" src=\"https:\/\/avanzaing.com\/ingenieria\/wp-content\/uploads\/2017\/05\/check-1-1.png\" alt=\"\" width=\"30\" height=\"30\" \/><\/td>\n<td style=\"width: 10px; text-align: center;\"><img decoding=\"async\" loading=\"lazy\" class=\"wp-image-270 alignnone size-full\" src=\"https:\/\/avanzaing.com\/ingenieria\/wp-content\/uploads\/2017\/05\/check-1-1.png\" alt=\"\" width=\"30\" height=\"30\" \/><\/td>\n<td style=\"width: 10px; text-align: center;\"><img decoding=\"async\" loading=\"lazy\" class=\"wp-image-270 alignnone size-full\" src=\"https:\/\/avanzaing.com\/ingenieria\/wp-content\/uploads\/2017\/05\/check-1-1.png\" alt=\"\" width=\"30\" height=\"30\" \/><\/td>\n<td style=\"width: 10px; text-align: center;\"><img decoding=\"async\" loading=\"lazy\" class=\"wp-image-270 alignnone size-full\" src=\"https:\/\/avanzaing.com\/ingenieria\/wp-content\/uploads\/2017\/05\/check-1-1.png\" alt=\"\" width=\"30\" height=\"30\" \/><\/td>\n<\/tr>\n<tr>\n<td style=\"width: 10px;\">\n<h3>Subestaciones<\/h3>\n<\/td>\n<td style=\"width: 10px; text-align: center;\"><img decoding=\"async\" loading=\"lazy\" class=\"wp-image-270 alignnone size-full\" src=\"https:\/\/avanzaing.com\/ingenieria\/wp-content\/uploads\/2017\/05\/check-1-1.png\" alt=\"\" width=\"30\" height=\"30\" \/><\/td>\n<td style=\"width: 10px; text-align: center;\"><img decoding=\"async\" loading=\"lazy\" class=\"wp-image-270 alignnone size-full\" src=\"https:\/\/avanzaing.com\/ingenieria\/wp-content\/uploads\/2017\/05\/check-1-1.png\" alt=\"\" width=\"30\" height=\"30\" \/><\/td>\n<td style=\"width: 10px; text-align: center;\"><img decoding=\"async\" loading=\"lazy\" class=\"wp-image-270 alignnone size-full\" src=\"https:\/\/avanzaing.com\/ingenieria\/wp-content\/uploads\/2017\/05\/check-1-1.png\" alt=\"\" width=\"30\" height=\"30\" \/><\/td>\n<td style=\"width: 10px; text-align: center;\"><img decoding=\"async\" loading=\"lazy\" class=\"wp-image-270 alignnone size-full\" src=\"https:\/\/avanzaing.com\/ingenieria\/wp-content\/uploads\/2017\/05\/check-1-1.png\" alt=\"\" width=\"30\" height=\"30\" \/><\/td>\n<\/tr>\n<tr>\n<td style=\"width: 10px;\">\n<h3>Tableros de distribuci\u00f3n<\/h3>\n<\/td>\n<td style=\"width: 10px; text-align: center;\"><img decoding=\"async\" loading=\"lazy\" class=\"wp-image-270 alignnone size-full\" src=\"https:\/\/avanzaing.com\/ingenieria\/wp-content\/uploads\/2017\/05\/check-1-1.png\" alt=\"\" width=\"30\" height=\"30\" \/><\/td>\n<td style=\"width: 10px; text-align: center;\"><img decoding=\"async\" loading=\"lazy\" class=\"wp-image-270 alignnone size-full\" src=\"https:\/\/avanzaing.com\/ingenieria\/wp-content\/uploads\/2017\/05\/check-1-1.png\" alt=\"\" width=\"30\" height=\"30\" \/><\/td>\n<td style=\"width: 10px; text-align: center;\"><img decoding=\"async\" loading=\"lazy\" class=\"wp-image-270 alignnone size-full\" src=\"https:\/\/avanzaing.com\/ingenieria\/wp-content\/uploads\/2017\/05\/check-1-1.png\" alt=\"\" width=\"30\" height=\"30\" \/><\/td>\n<td style=\"width: 10px; text-align: center;\"><img decoding=\"async\" loading=\"lazy\" class=\"wp-image-270 alignnone size-full\" src=\"https:\/\/avanzaing.com\/ingenieria\/wp-content\/uploads\/2017\/05\/check-1-1.png\" alt=\"\" width=\"30\" height=\"30\" \/><\/td>\n<\/tr>\n<\/tbody>\n<\/table>\n<p>[\/et_pb_text][\/et_pb_column][\/et_pb_row][\/et_pb_section]<\/p>\n","protected":false},"excerpt":{"rendered":"<p>Montajes el\u00e9ctricos Oferta principal Dise\u00f1o, suministro, instalaci\u00f3n, puesta en\u00a0funcionamiento y mantenimiento de: Sector industrial Sector comercial Sector institucional Sector residencial Centros de control de motores Centros de transformaci\u00f3n Circuitos cerrados de televisi\u00f3n y redes de comunicaciones Iluminaci\u00f3n convencional y tipo LED Instalaciones el\u00e9ctricas interiores y exteriores Plantas de emergencia y grupos electr\u00f3genos Redes de alumbrado [&hellip;]<\/p>\n","protected":false},"author":1,"featured_media":0,"parent":422,"menu_order":1,"comment_status":"closed","ping_status":"closed","template":"","meta":{"_et_pb_use_builder":"on","_et_pb_old_content":"","_et_gb_content_width":""},"_links":{"self":[{"href":"https:\/\/avanzaing.com\/ingenieria\/wp-json\/wp\/v2\/pages\/426"}],"collection":[{"href":"https:\/\/avanzaing.com\/ingenieria\/wp-json\/wp\/v2\/pages"}],"about":[{"href":"https:\/\/avanzaing.com\/ingenieria\/wp-json\/wp\/v2\/types\/page"}],"author":[{"embeddable":true,"href":"https:\/\/avanzaing.com\/ingenieria\/wp-json\/wp\/v2\/users\/1"}],"replies":[{"embeddable":true,"href":"https:\/\/avanzaing.com\/ingenieria\/wp-json\/wp\/v2\/comments?post=426"}],"version-history":[{"count":16,"href":"https:\/\/avanzaing.com\/ingenieria\/wp-json\/wp\/v2\/pages\/426\/revisions"}],"predecessor-version":[{"id":1379,"href":"https:\/\/avanzaing.com\/ingenieria\/wp-json\/wp\/v2\/pages\/426\/revisions\/1379"}],"up":[{"embeddable":true,"href":"https:\/\/avanzaing.com\/ingenieria\/wp-json\/wp\/v2\/pages\/422"}],"wp:attachment":[{"href":"https:\/\/avanzaing.com\/ingenieria\/wp-json\/wp\/v2\/media?parent=426"}],"curies":[{"name":"wp","href":"https:\/\/api.w.org\/{rel}","templated":true}]}}