{"id":422,"date":"2017-05-15T11:21:01","date_gmt":"2017-05-15T17:21:01","guid":{"rendered":"https:\/\/avanzaing.com\/ingenieria\/?page_id=422"},"modified":"2017-06-06T18:27:00","modified_gmt":"2017-06-07T00:27:00","slug":"servicios","status":"publish","type":"page","link":"https:\/\/avanzaing.com\/ingenieria\/servicios\/","title":{"rendered":"Servicios"},"content":{"rendered":"<p>[et_pb_section bb_built=&#8221;1&#8243; admin_label=&#8221;Banner principal&#8221; custom_padding=&#8221;|||&#8221; fullwidth=&#8221;on&#8221; transparent_background=&#8221;off&#8221; allow_player_pause=&#8221;off&#8221; inner_shadow=&#8221;off&#8221; parallax=&#8221;off&#8221; parallax_method=&#8221;on&#8221; make_fullwidth=&#8221;off&#8221; use_custom_width=&#8221;off&#8221; width_unit=&#8221;on&#8221; make_equal=&#8221;off&#8221; use_custom_gutter=&#8221;off&#8221; global_module=&#8221;966&#8243;][et_pb_fullwidth_slider admin_label=&#8221;Fullwidth Slider&#8221; global_parent=&#8221;966&#8243; auto=&#8221;on&#8221; parallax=&#8221;on&#8221; remove_inner_shadow=&#8221;on&#8221; background_position=&#8221;top_center&#8221; header_font_size=&#8221;46&#8243;]<\/p>\n<p>[et_pb_slide heading=&#8221;Ingenier\u00eda el\u00e9ctrica a su servicio&#8221; background_image=&#8221;https:\/\/avanzaing.com\/ingenieria\/wp-content\/uploads\/2017\/05\/avanza-ingenieria-sas-torres-de-transmision.png&#8221;][\/et_pb_slide]<\/p>\n<p>[\/et_pb_fullwidth_slider][\/et_pb_section][et_pb_section bb_built=&#8221;1&#8243; admin_label=&#8221;section&#8221; background_color=&#8221;#0e6581&#8243; custom_padding=&#8221;5px||5px|&#8221; custom_padding_last_edited=&#8221;on|phone&#8221;][et_pb_row admin_label=&#8221;row&#8221;][et_pb_column type=&#8221;4_4&#8243;][et_pb_text admin_label=&#8221;Text&#8221; background_layout=&#8221;dark&#8221; text_orientation=&#8221;center&#8221;]<\/p>\n<h1>Servicios<\/h1>\n<p>[\/et_pb_text][\/et_pb_column][\/et_pb_row][\/et_pb_section][et_pb_section bb_built=&#8221;1&#8243; admin_label=&#8221;section&#8221; custom_padding=&#8221;20px|||&#8221;][et_pb_row admin_label=&#8221;row&#8221;][et_pb_column type=&#8221;4_4&#8243;][et_pb_text admin_label=&#8221;Text&#8221;]<\/p>\n<p style=\"text-align: justify;\">AVANZA INGENIER\u00cdA S.A.S brinda soluciones integrales de ingenier\u00eda el\u00e9ctrica y comunicaciones, comprometi\u00e9ndose a satisfacer las necesidades legales, t\u00e9cnicas y comerciales de sus clientes y dem\u00e1s partes interesadas; cumpliendo est\u00e1ndares de seguridad, optimizando los recursos f\u00edsicos y de talento humano, orientados bajo una filosof\u00eda de evoluci\u00f3n constante y comunicaci\u00f3n asertiva.<\/p>\n<p>[\/et_pb_text][et_pb_divider admin_label=&#8221;Divider&#8221; color=&#8221;#e2e2e2&#8243; show_divider=&#8221;on&#8221; \/][\/et_pb_column][\/et_pb_row][et_pb_row admin_label=&#8221;Row&#8221;][et_pb_column type=&#8221;1_2&#8243;][et_pb_text admin_label=&#8221;Text&#8221; text_orientation=&#8221;center&#8221; background_image=&#8221;https:\/\/avanzaing.com\/ingenieria\/wp-content\/uploads\/2017\/05\/avanza-ingenieria-sas-test-1.jpg&#8221; custom_padding=&#8221;40px||40px|&#8221;]<\/p>\n<h3 style=\"text-align: center;\">Montajes el&eacute;ctricos<\/h3>\n<a href='https:\/\/avanzaing.com\/ingenieria\/servicios\/montaje-electricos\/' class='big-button bigblue'>Ver m&aacute;s<\/a>\n<p>[\/et_pb_text][\/et_pb_column][et_pb_column type=&#8221;1_2&#8243;][et_pb_text admin_label=&#8221;Text&#8221; text_orientation=&#8221;center&#8221; background_image=&#8221;https:\/\/avanzaing.com\/ingenieria\/wp-content\/uploads\/2017\/05\/avanza-ingenieria-sas-test-1.jpg&#8221; custom_padding=&#8221;40px||40px|&#8221;]<\/p>\n<h3 style=\"text-align: center;\">Soluciones en Calidad y Uso Racional de la Energ\u00eda<br \/>\n<\/h3>\n<a href='https:\/\/avanzaing.com\/ingenieria\/servicios\/montaje-electricos\/' class='big-button bigblue'>Ver m&aacute;s<\/a>\n<p>[\/et_pb_text][\/et_pb_column][\/et_pb_row][\/et_pb_section]<\/p>\n","protected":false},"excerpt":{"rendered":"<p>Servicios AVANZA INGENIER\u00cdA S.A.S brinda soluciones integrales de ingenier\u00eda el\u00e9ctrica y comunicaciones, comprometi\u00e9ndose a satisfacer las necesidades legales, t\u00e9cnicas y comerciales de sus clientes y dem\u00e1s partes interesadas; cumpliendo est\u00e1ndares de seguridad, optimizando los recursos f\u00edsicos y de talento humano, orientados bajo una filosof\u00eda de evoluci\u00f3n constante y comunicaci\u00f3n asertiva. Montajes el&eacute;ctricos <\/p>\n","protected":false},"author":1,"featured_media":0,"parent":0,"menu_order":2,"comment_status":"closed","ping_status":"closed","template":"","meta":{"_et_pb_use_builder":"on","_et_pb_old_content":"","_et_gb_content_width":""},"_links":{"self":[{"href":"https:\/\/avanzaing.com\/ingenieria\/wp-json\/wp\/v2\/pages\/422"}],"collection":[{"href":"https:\/\/avanzaing.com\/ingenieria\/wp-json\/wp\/v2\/pages"}],"about":[{"href":"https:\/\/avanzaing.com\/ingenieria\/wp-json\/wp\/v2\/types\/page"}],"author":[{"embeddable":true,"href":"https:\/\/avanzaing.com\/ingenieria\/wp-json\/wp\/v2\/users\/1"}],"replies":[{"embeddable":true,"href":"https:\/\/avanzaing.com\/ingenieria\/wp-json\/wp\/v2\/comments?post=422"}],"version-history":[{"count":9,"href":"https:\/\/avanzaing.com\/ingenieria\/wp-json\/wp\/v2\/pages\/422\/revisions"}],"predecessor-version":[{"id":967,"href":"https:\/\/avanzaing.com\/ingenieria\/wp-json\/wp\/v2\/pages\/422\/revisions\/967"}],"wp:attachment":[{"href":"https:\/\/avanzaing.com\/ingenieria\/wp-json\/wp\/v2\/media?parent=422"}],"curies":[{"name":"wp","href":"https:\/\/api.w.org\/{rel}","templated":true}]}}