{"id":1384,"date":"2021-04-05T20:53:17","date_gmt":"2021-04-06T01:53:17","guid":{"rendered":"https:\/\/avanzaing.com\/ingenieria\/?page_id=1384"},"modified":"2021-11-19T01:58:43","modified_gmt":"2021-11-19T06:58:43","slug":"civil","status":"publish","type":"page","link":"https:\/\/avanzaing.com\/ingenieria\/nuestros-proyectos\/civil\/","title":{"rendered":"Civil"},"content":{"rendered":"<p>[et_pb_section fb_built=&#8221;1&#8243; fullwidth=&#8221;on&#8221; _builder_version=&#8221;4.9.7&#8243; _module_preset=&#8221;default&#8221; global_colors_info=&#8221;{}&#8221;][et_pb_fullwidth_slider _builder_version=&#8221;4.13.1&#8243; _module_preset=&#8221;default&#8221; background_image=&#8221;https:\/\/avanzaing.com\/ingenieria\/wp-content\/uploads\/2021\/11\/avanza-ingenieria-sas-construccion-en-proceso.jpg&#8221; global_colors_info=&#8221;{}&#8221;][et_pb_slide heading=&#8221;Servicios de ingenier\u00eda civil con profesionalismo y construcciones de calidad&#8221; _builder_version=&#8221;4.13.1&#8243; _module_preset=&#8221;default&#8221; global_colors_info=&#8221;{}&#8221; sticky_transition=&#8221;on&#8221;][\/et_pb_slide][\/et_pb_fullwidth_slider][\/et_pb_section][et_pb_section fb_built=&#8221;1&#8243; custom_padding_last_edited=&#8221;on|phone&#8221; admin_label=&#8221;section&#8221; _builder_version=&#8221;3.22&#8243; background_color=&#8221;#0e6581&#8243; custom_padding=&#8221;5px||5px|&#8221; custom_padding_tablet=&#8221;&#8221; custom_padding_phone=&#8221;&#8221; global_colors_info=&#8221;{}&#8221;][et_pb_row custom_padding_last_edited=&#8221;on|desktop&#8221; admin_label=&#8221;row&#8221; _builder_version=&#8221;3.25&#8243; background_size=&#8221;initial&#8221; background_position=&#8221;top_left&#8221; background_repeat=&#8221;repeat&#8221; custom_padding=&#8221;27px|0px|27px|0px&#8221; custom_padding_tablet=&#8221;&#8221; custom_padding_phone=&#8221;0px||0px|&#8221; global_colors_info=&#8221;{}&#8221;][et_pb_column type=&#8221;4_4&#8243; _builder_version=&#8221;3.25&#8243; custom_padding=&#8221;|||&#8221; global_colors_info=&#8221;{}&#8221; custom_padding__hover=&#8221;|||&#8221;][et_pb_text admin_label=&#8221;Text&#8221; _builder_version=&#8221;4.9.3&#8243; background_size=&#8221;initial&#8221; background_position=&#8221;top_left&#8221; background_repeat=&#8221;repeat&#8221; text_orientation=&#8221;center&#8221; background_layout=&#8221;dark&#8221; module_alignment=&#8221;center&#8221; global_colors_info=&#8221;{}&#8221;]<\/p>\n<h1>Proyectos de ingenier\u00eda civil<\/h1>\n<p>[\/et_pb_text][\/et_pb_column][\/et_pb_row][\/et_pb_section][et_pb_section fb_built=&#8221;1&#8243; _builder_version=&#8221;4.9.3&#8243; _module_preset=&#8221;default&#8221; global_colors_info=&#8221;{}&#8221;][et_pb_row _builder_version=&#8221;4.9.3&#8243; _module_preset=&#8221;default&#8221; global_colors_info=&#8221;{}&#8221;][et_pb_column type=&#8221;4_4&#8243; _builder_version=&#8221;4.9.3&#8243; _module_preset=&#8221;default&#8221; global_colors_info=&#8221;{}&#8221;][et_pb_text _builder_version=&#8221;4.9.3&#8243; _module_preset=&#8221;default&#8221; global_colors_info=&#8221;{}&#8221;]<\/p>\n<h2>Tipolog\u00eda de nuestras viviendas.<\/h2>\n<p>[\/et_pb_text][et_pb_text _builder_version=&#8221;4.9.3&#8243; _module_preset=&#8221;default&#8221; global_colors_info=&#8221;{}&#8221;]<\/p>\n<p>Avanza Ingenier\u00eda S.A.S. ha dise\u00f1ado un estilo de vivienda que se adapta perfectamente a a cada uno de los proyectos a elegir, cumpliendo todas la expectativas para un hogar tranquilo, c\u00f3modo y pensado, cumpliendo con los par\u00e1metros de seguridad de construcci\u00f3n actuales.<\/p>\n<p>Este tipo de vivienda cuenta en su dise\u00f1o con todas las comodidades actuales para hacer de su hogar un lugar con espacios grandiosos, para disfrutar totalmente el lugar de construcci\u00f3n elegido.<\/p>\n<p>[\/et_pb_text][\/et_pb_column][\/et_pb_row][et_pb_row column_structure=&#8221;3_5,1_5,1_5&#8243; _builder_version=&#8221;4.9.3&#8243; _module_preset=&#8221;default&#8221; global_colors_info=&#8221;{}&#8221;][et_pb_column type=&#8221;3_5&#8243; _builder_version=&#8221;4.9.3&#8243; _module_preset=&#8221;default&#8221; animation_style=&#8221;slide&#8221; animation_direction=&#8221;left&#8221; global_colors_info=&#8221;{}&#8221;][et_pb_image src=&#8221;https:\/\/avanzaing.com\/ingenieria\/wp-content\/uploads\/2021\/04\/avanza-ingenieria-sas-tipologia-de-viviendas.png&#8221; alt=&#8221;Avanza Ingenier\u00eda S.A.S. &#8211; Tipolog\u00eda de vivienda&#8221; title_text=&#8221;avanza-ingenieria-sas-tipologia-de-viviendas&#8221; _builder_version=&#8221;4.9.3&#8243; _module_preset=&#8221;default&#8221; animation_direction=&#8221;left&#8221; global_colors_info=&#8221;{}&#8221;][\/et_pb_image][\/et_pb_column][et_pb_column type=&#8221;1_5&#8243; _builder_version=&#8221;4.9.3&#8243; _module_preset=&#8221;default&#8221; animation_style=&#8221;slide&#8221; animation_direction=&#8221;right&#8221; global_colors_info=&#8221;{}&#8221;][et_pb_blurb image=&#8221;https:\/\/avanzaing.com\/ingenieria\/wp-content\/uploads\/2021\/04\/numeral-1.png&#8221; icon_placement=&#8221;left&#8221; image_icon_width=&#8221;70%&#8221; _builder_version=&#8221;4.13.0&#8243; _module_preset=&#8221;default&#8221; body_font=&#8221;Mulish|600|||||||&#8221; body_text_align=&#8221;left&#8221; body_text_color=&#8221;#bcbcbc&#8221; body_font_size=&#8221;12px&#8221; custom_margin=&#8221;-5%||||false|false&#8221; image_max_width=&#8221;70%&#8221; global_colors_info=&#8221;{}&#8221;]<\/p>\n<p>Sala-comedor<\/p>\n<p>[\/et_pb_blurb][et_pb_blurb image=&#8221;https:\/\/avanzaing.com\/ingenieria\/wp-content\/uploads\/2021\/04\/Sin-titulo-2.png&#8221; icon_placement=&#8221;left&#8221; image_icon_width=&#8221;70%&#8221; _builder_version=&#8221;4.13.0&#8243; _module_preset=&#8221;default&#8221; body_font=&#8221;Mulish|600|||||||&#8221; body_text_align=&#8221;left&#8221; body_text_color=&#8221;#bcbcbc&#8221; body_font_size=&#8221;12px&#8221; custom_margin=&#8221;-5%||||false|false&#8221; image_max_width=&#8221;70%&#8221; global_colors_info=&#8221;{}&#8221;]<\/p>\n<p>Cocina<\/p>\n<p>[\/et_pb_blurb][et_pb_blurb image=&#8221;https:\/\/avanzaing.com\/ingenieria\/wp-content\/uploads\/2021\/04\/Sin-titulo-3.png&#8221; icon_placement=&#8221;left&#8221; image_icon_width=&#8221;70%&#8221; _builder_version=&#8221;4.13.0&#8243; _module_preset=&#8221;default&#8221; body_font=&#8221;Mulish|600|||||||&#8221; body_text_align=&#8221;left&#8221; body_text_color=&#8221;#bcbcbc&#8221; body_font_size=&#8221;12px&#8221; custom_margin=&#8221;-5%||||false|false&#8221; image_max_width=&#8221;70%&#8221; global_colors_info=&#8221;{}&#8221;]<\/p>\n<p>Cuarto de ropas<\/p>\n<p>[\/et_pb_blurb][et_pb_blurb image=&#8221;https:\/\/avanzaing.com\/ingenieria\/wp-content\/uploads\/2021\/04\/Sin-titulo-4.png&#8221; icon_placement=&#8221;left&#8221; image_icon_width=&#8221;70%&#8221; _builder_version=&#8221;4.13.0&#8243; _module_preset=&#8221;default&#8221; body_font=&#8221;Mulish|600|||||||&#8221; body_text_align=&#8221;left&#8221; body_text_color=&#8221;#bcbcbc&#8221; body_font_size=&#8221;12px&#8221; custom_margin=&#8221;-5%||||false|false&#8221; image_max_width=&#8221;70%&#8221; global_colors_info=&#8221;{}&#8221;]<\/p>\n<p>Cuarto de servicio<\/p>\n<p>[\/et_pb_blurb][et_pb_blurb image=&#8221;https:\/\/avanzaing.com\/ingenieria\/wp-content\/uploads\/2021\/04\/Sin-titulo-5.png&#8221; icon_placement=&#8221;left&#8221; image_icon_width=&#8221;70%&#8221; _builder_version=&#8221;4.13.0&#8243; _module_preset=&#8221;default&#8221; body_font=&#8221;Mulish|600|||||||&#8221; body_text_align=&#8221;left&#8221; body_text_color=&#8221;#bcbcbc&#8221; body_font_size=&#8221;12px&#8221; custom_margin=&#8221;-5%||||false|false&#8221; image_max_width=&#8221;70%&#8221; global_colors_info=&#8221;{}&#8221;]<\/p>\n<p>Alacena<\/p>\n<p>[\/et_pb_blurb][et_pb_blurb image=&#8221;https:\/\/avanzaing.com\/ingenieria\/wp-content\/uploads\/2021\/04\/Sin-titulo-6.png&#8221; icon_placement=&#8221;left&#8221; image_icon_width=&#8221;70%&#8221; _builder_version=&#8221;4.13.0&#8243; _module_preset=&#8221;default&#8221; body_font=&#8221;Mulish|600|||||||&#8221; body_text_align=&#8221;left&#8221; body_text_color=&#8221;#bcbcbc&#8221; body_font_size=&#8221;12px&#8221; custom_margin=&#8221;-5%||||false|false&#8221; image_max_width=&#8221;70%&#8221; global_colors_info=&#8221;{}&#8221;]<\/p>\n<p>Parqueadero<\/p>\n<p>[\/et_pb_blurb][et_pb_blurb image=&#8221;https:\/\/avanzaing.com\/ingenieria\/wp-content\/uploads\/2021\/04\/Sin-titulo-7.png&#8221; icon_placement=&#8221;left&#8221; image_icon_width=&#8221;70%&#8221; _builder_version=&#8221;4.13.0&#8243; _module_preset=&#8221;default&#8221; body_font=&#8221;Mulish|600|||||||&#8221; body_text_align=&#8221;left&#8221; body_text_color=&#8221;#bcbcbc&#8221; body_font_size=&#8221;12px&#8221; custom_margin=&#8221;-5%||||false|false&#8221; image_max_width=&#8221;70%&#8221; global_colors_info=&#8221;{}&#8221;]<\/p>\n<p>Estudio<\/p>\n<p>[\/et_pb_blurb][et_pb_blurb image=&#8221;https:\/\/avanzaing.com\/ingenieria\/wp-content\/uploads\/2021\/04\/Sin-titulo-8.png&#8221; icon_placement=&#8221;left&#8221; image_icon_width=&#8221;70%&#8221; _builder_version=&#8221;4.13.0&#8243; _module_preset=&#8221;default&#8221; body_font=&#8221;Mulish|600|||||||&#8221; body_text_align=&#8221;left&#8221; body_text_color=&#8221;#bcbcbc&#8221; body_font_size=&#8221;12px&#8221; custom_margin=&#8221;-5%||||false|false&#8221; image_max_width=&#8221;70%&#8221; global_colors_info=&#8221;{}&#8221;]<\/p>\n<p>Ba\u00f1o social<\/p>\n<p>[\/et_pb_blurb][et_pb_blurb image=&#8221;https:\/\/avanzaing.com\/ingenieria\/wp-content\/uploads\/2021\/04\/Sin-titulo-9.png&#8221; icon_placement=&#8221;left&#8221; image_icon_width=&#8221;70%&#8221; _builder_version=&#8221;4.13.0&#8243; _module_preset=&#8221;default&#8221; body_font=&#8221;Mulish|600|||||||&#8221; body_text_align=&#8221;left&#8221; body_text_color=&#8221;#bcbcbc&#8221; body_font_size=&#8221;12px&#8221; custom_margin=&#8221;-5%||||false|false&#8221; image_max_width=&#8221;70%&#8221; global_colors_info=&#8221;{}&#8221;]<\/p>\n<p>Sala de T.V.<\/p>\n<p>[\/et_pb_blurb][et_pb_blurb image=&#8221;https:\/\/avanzaing.com\/ingenieria\/wp-content\/uploads\/2021\/04\/Sin-titulo-10.png&#8221; icon_placement=&#8221;left&#8221; image_icon_width=&#8221;70%&#8221; _builder_version=&#8221;4.13.0&#8243; _module_preset=&#8221;default&#8221; body_font=&#8221;Mulish|600|||||||&#8221; body_text_align=&#8221;left&#8221; body_text_color=&#8221;#bcbcbc&#8221; body_font_size=&#8221;12px&#8221; custom_margin=&#8221;-5%||||false|false&#8221; image_max_width=&#8221;70%&#8221; global_colors_info=&#8221;{}&#8221;]<\/p>\n<p>Habitaci\u00f3n 1<\/p>\n<p>[\/et_pb_blurb][\/et_pb_column][et_pb_column type=&#8221;1_5&#8243; _builder_version=&#8221;4.9.3&#8243; _module_preset=&#8221;default&#8221; animation_style=&#8221;slide&#8221; animation_direction=&#8221;right&#8221; global_colors_info=&#8221;{}&#8221;][et_pb_blurb image=&#8221;https:\/\/avanzaing.com\/ingenieria\/wp-content\/uploads\/2021\/04\/Sin-titulo-11.png&#8221; icon_placement=&#8221;left&#8221; image_icon_width=&#8221;70%&#8221; _builder_version=&#8221;4.13.0&#8243; _module_preset=&#8221;default&#8221; body_font=&#8221;Mulish|600|||||||&#8221; body_text_align=&#8221;left&#8221; body_text_color=&#8221;#bcbcbc&#8221; body_font_size=&#8221;12px&#8221; custom_margin=&#8221;-5%||||false|false&#8221; image_max_width=&#8221;70%&#8221; global_colors_info=&#8221;{}&#8221;]<\/p>\n<p>Habitaci\u00f3n 2<\/p>\n<p>[\/et_pb_blurb][et_pb_blurb image=&#8221;https:\/\/avanzaing.com\/ingenieria\/wp-content\/uploads\/2021\/04\/Sin-titulo-12.png&#8221; icon_placement=&#8221;left&#8221; image_icon_width=&#8221;70%&#8221; _builder_version=&#8221;4.13.0&#8243; _module_preset=&#8221;default&#8221; body_font=&#8221;Mulish|600|||||||&#8221; body_text_align=&#8221;left&#8221; body_text_color=&#8221;#bcbcbc&#8221; body_font_size=&#8221;12px&#8221; custom_margin=&#8221;-5%||||false|false&#8221; image_max_width=&#8221;70%&#8221; global_colors_info=&#8221;{}&#8221;]<\/p>\n<p>Habitaci\u00f3n principal<\/p>\n<p>[\/et_pb_blurb][et_pb_blurb image=&#8221;https:\/\/avanzaing.com\/ingenieria\/wp-content\/uploads\/2021\/04\/Sin-titulo-13.png&#8221; icon_placement=&#8221;left&#8221; image_icon_width=&#8221;70%&#8221; _builder_version=&#8221;4.13.0&#8243; _module_preset=&#8221;default&#8221; body_font=&#8221;Mulish|600|||||||&#8221; body_text_align=&#8221;left&#8221; body_text_color=&#8221;#bcbcbc&#8221; body_font_size=&#8221;12px&#8221; custom_margin=&#8221;-5%||||false|false&#8221; image_max_width=&#8221;70%&#8221; global_colors_info=&#8221;{}&#8221;]<\/p>\n<p>Ba\u00f1o piscina<\/p>\n<p>[\/et_pb_blurb][et_pb_blurb image=&#8221;https:\/\/avanzaing.com\/ingenieria\/wp-content\/uploads\/2021\/04\/Sin-titulo-14.png&#8221; icon_placement=&#8221;left&#8221; image_icon_width=&#8221;70%&#8221; _builder_version=&#8221;4.13.0&#8243; _module_preset=&#8221;default&#8221; body_font=&#8221;Mulish|600|||||||&#8221; body_text_align=&#8221;left&#8221; body_text_color=&#8221;#bcbcbc&#8221; body_font_size=&#8221;12px&#8221; custom_margin=&#8221;-5%||||false|false&#8221; image_max_width=&#8221;70%&#8221; global_colors_info=&#8221;{}&#8221;]<\/p>\n<p>Terraza<\/p>\n<p>[\/et_pb_blurb][et_pb_blurb image=&#8221;https:\/\/avanzaing.com\/ingenieria\/wp-content\/uploads\/2021\/04\/Sin-titulo-15.png&#8221; icon_placement=&#8221;left&#8221; image_icon_width=&#8221;70%&#8221; _builder_version=&#8221;4.13.0&#8243; _module_preset=&#8221;default&#8221; body_font=&#8221;Mulish|600|||||||&#8221; body_text_align=&#8221;left&#8221; body_text_color=&#8221;#bcbcbc&#8221; body_font_size=&#8221;12px&#8221; custom_margin=&#8221;-5%||||false|false&#8221; image_max_width=&#8221;70%&#8221; global_colors_info=&#8221;{}&#8221;]<\/p>\n<p>Piscina<\/p>\n<p>[\/et_pb_blurb][et_pb_blurb image=&#8221;https:\/\/avanzaing.com\/ingenieria\/wp-content\/uploads\/2021\/04\/Sin-titulo-16.png&#8221; icon_placement=&#8221;left&#8221; image_icon_width=&#8221;70%&#8221; _builder_version=&#8221;4.13.0&#8243; _module_preset=&#8221;default&#8221; body_font=&#8221;Mulish|600|||||||&#8221; body_text_align=&#8221;left&#8221; body_text_color=&#8221;#bcbcbc&#8221; body_font_size=&#8221;12px&#8221; custom_margin=&#8221;-5%||||false|false&#8221; image_max_width=&#8221;70%&#8221; global_colors_info=&#8221;{}&#8221;]<\/p>\n<p>Jacuzzi<\/p>\n<p>[\/et_pb_blurb][et_pb_blurb image=&#8221;https:\/\/avanzaing.com\/ingenieria\/wp-content\/uploads\/2021\/04\/Sin-titulo-17.png&#8221; icon_placement=&#8221;left&#8221; image_icon_width=&#8221;70%&#8221; _builder_version=&#8221;4.13.0&#8243; _module_preset=&#8221;default&#8221; body_font=&#8221;Mulish|600|||||||&#8221; body_text_align=&#8221;left&#8221; body_text_color=&#8221;#bcbcbc&#8221; body_font_size=&#8221;12px&#8221; custom_margin=&#8221;-5%||||false|false&#8221; image_max_width=&#8221;70%&#8221; global_colors_info=&#8221;{}&#8221;]<\/p>\n<p>Dep\u00f3sito<\/p>\n<p>[\/et_pb_blurb][et_pb_blurb image=&#8221;https:\/\/avanzaing.com\/ingenieria\/wp-content\/uploads\/2021\/04\/Sin-titulo-18.png&#8221; icon_placement=&#8221;left&#8221; image_icon_width=&#8221;70%&#8221; _builder_version=&#8221;4.13.0&#8243; _module_preset=&#8221;default&#8221; body_font=&#8221;Mulish|600|||||||&#8221; body_text_align=&#8221;left&#8221; body_text_color=&#8221;#bcbcbc&#8221; body_font_size=&#8221;12px&#8221; custom_margin=&#8221;-5%||||false|false&#8221; image_max_width=&#8221;70%&#8221; global_colors_info=&#8221;{}&#8221;]<\/p>\n<p>Punto verde<\/p>\n<p>[\/et_pb_blurb][et_pb_blurb image=&#8221;https:\/\/avanzaing.com\/ingenieria\/wp-content\/uploads\/2021\/04\/Sin-titulo-19.png&#8221; icon_placement=&#8221;left&#8221; image_icon_width=&#8221;70%&#8221; _builder_version=&#8221;4.13.0&#8243; _module_preset=&#8221;default&#8221; body_font=&#8221;Mulish|600|||||||&#8221; body_text_align=&#8221;left&#8221; body_text_color=&#8221;#bcbcbc&#8221; body_font_size=&#8221;12px&#8221; custom_margin=&#8221;-5%||||false|false&#8221; image_max_width=&#8221;70%&#8221; global_colors_info=&#8221;{}&#8221;]<\/p>\n<p>Ducha piscina<\/p>\n<p>[\/et_pb_blurb][\/et_pb_column][\/et_pb_row][\/et_pb_section][et_pb_section fb_built=&#8221;1&#8243; admin_label=&#8221;section&#8221; _builder_version=&#8221;3.22&#8243; background_color=&#8221;#f4f4f4&#8243; global_colors_info=&#8221;{}&#8221;][et_pb_row admin_label=&#8221;row&#8221; _builder_version=&#8221;3.25&#8243; background_size=&#8221;initial&#8221; background_position=&#8221;top_left&#8221; background_repeat=&#8221;repeat&#8221; global_colors_info=&#8221;{}&#8221;][et_pb_column type=&#8221;4_4&#8243; _builder_version=&#8221;3.25&#8243; custom_padding=&#8221;|||&#8221; global_colors_info=&#8221;{}&#8221; custom_padding__hover=&#8221;|||&#8221;][et_pb_text admin_label=&#8221;Text&#8221; _builder_version=&#8221;4.9.3&#8243; header_2_text_align=&#8221;left&#8221; background_size=&#8221;initial&#8221; background_position=&#8221;top_left&#8221; background_repeat=&#8221;repeat&#8221; global_colors_info=&#8221;{}&#8221;]<\/p>\n<h2>Construya el hogar de sus sue\u00f1os en los mejores lugares de la capital risaraldense<\/h2>\n<p>Contamos con los mejores y m\u00e1s exclusivos lugares en para que haga sus sue\u00f1os realidad con los mejores proyectos de construcci\u00f3n acompa\u00f1ado de una construcci\u00f3n elaborada con ingenier\u00eda civil de calidad.<\/p>\n<p>[\/et_pb_text][\/et_pb_column][\/et_pb_row][\/et_pb_section][et_pb_section fb_built=&#8221;1&#8243; _builder_version=&#8221;4.9.3&#8243; _module_preset=&#8221;default&#8221; global_colors_info=&#8221;{}&#8221;][et_pb_row column_structure=&#8221;1_3,1_3,1_3&#8243; _builder_version=&#8221;4.9.3&#8243; _module_preset=&#8221;default&#8221; global_colors_info=&#8221;{}&#8221;][et_pb_column type=&#8221;1_3&#8243; _builder_version=&#8221;4.9.3&#8243; _module_preset=&#8221;default&#8221; global_colors_info=&#8221;{}&#8221;][et_pb_blurb title=&#8221;Condominio Campestre Palo Alto&#8221; image=&#8221;https:\/\/avanzaing.com\/ingenieria\/wp-content\/uploads\/2021\/04\/avanza-ingenieria-sas-logotipo-palo-alto.png&#8221; alt=&#8221;Avanza Ingenier\u00eda S.A.S. &#8211; Logotipo Palo Alto Condominio Campestre&#8221; _builder_version=&#8221;4.13.0&#8243; _module_preset=&#8221;default&#8221; header_text_align=&#8221;center&#8221; transform_translate_linked__hover=&#8221;off&#8221; global_colors_info=&#8221;{}&#8221; transform_styles__hover_enabled=&#8221;on|desktop&#8221; transform_scale__hover_enabled=&#8221;on|desktop&#8221; transform_translate__hover_enabled=&#8221;on|desktop&#8221; transform_rotate__hover_enabled=&#8221;on|desktop&#8221; transform_skew__hover_enabled=&#8221;on|desktop&#8221; transform_origin__hover_enabled=&#8221;on|desktop&#8221; transform_translate__hover=&#8221;0px|-3%&#8221;]<\/p>\n<p>Construya su proyecto de vida en un proyecto comprometido con la protecci\u00f3n del bosque tropical seco, una riqueza ambiental que pocos pueden disfrutar.<\/p>\n<p>[\/et_pb_blurb][et_pb_button button_text=&#8221;Ver m\u00e1s&#8221; button_alignment=&#8221;center&#8221; _builder_version=&#8221;4.9.3&#8243; _module_preset=&#8221;default&#8221; custom_button=&#8221;on&#8221; button_text_size=&#8221;15px&#8221; button_text_color=&#8221;#E2E2E2&#8243; button_use_icon=&#8221;off&#8221; global_colors_info=&#8221;{}&#8221; button_text_color__hover_enabled=&#8221;on|desktop&#8221; button_text_color__hover=&#8221;#0E6581&#8243;][\/et_pb_button][\/et_pb_column][et_pb_column type=&#8221;1_3&#8243; _builder_version=&#8221;4.9.3&#8243; _module_preset=&#8221;default&#8221; global_colors_info=&#8221;{}&#8221;][et_pb_blurb title=&#8221;Ciudad Cerritos&#8221; image=&#8221;https:\/\/avanzaing.com\/ingenieria\/wp-content\/uploads\/2021\/04\/avanza-ingenieria-sas-logotipo-ciudad-cerritos.png&#8221; alt=&#8221;Avanza Ingenier\u00eda S.A.S. &#8211; Logotipo Ciudad Cerritos&#8221; _builder_version=&#8221;4.13.0&#8243; _module_preset=&#8221;default&#8221; header_text_align=&#8221;center&#8221; transform_translate_linked__hover=&#8221;off&#8221; global_colors_info=&#8221;{}&#8221; transform_styles__hover_enabled=&#8221;on|desktop&#8221; transform_scale__hover_enabled=&#8221;on|desktop&#8221; transform_translate__hover_enabled=&#8221;on|desktop&#8221; transform_rotate__hover_enabled=&#8221;on|desktop&#8221; transform_skew__hover_enabled=&#8221;on|desktop&#8221; transform_origin__hover_enabled=&#8221;on|desktop&#8221; transform_translate__hover=&#8221;0px|-3%&#8221;]<\/p>\n<p>Ciudad Cerritos es un proyecto de vivienda y centro de negocios planeado como la primera ciudadela en la zona de mayor desarrollo urbano de Cerritos Pereira.\n<\/p>\n<p>[\/et_pb_blurb][et_pb_button button_text=&#8221;Ver m\u00e1s&#8221; button_alignment=&#8221;center&#8221; _builder_version=&#8221;4.9.3&#8243; _module_preset=&#8221;default&#8221; custom_button=&#8221;on&#8221; button_text_size=&#8221;15px&#8221; button_text_color=&#8221;#E2E2E2&#8243; button_use_icon=&#8221;off&#8221; global_colors_info=&#8221;{}&#8221; button_text_color__hover_enabled=&#8221;on|desktop&#8221; button_text_color__hover=&#8221;#0E6581&#8243;][\/et_pb_button][\/et_pb_column][et_pb_column type=&#8221;1_3&#8243; _builder_version=&#8221;4.9.3&#8243; _module_preset=&#8221;default&#8221; global_colors_info=&#8221;{}&#8221;][et_pb_blurb title=&#8221;Santa Helena de Los Pinos&#8221; image=&#8221;https:\/\/avanzaing.com\/ingenieria\/wp-content\/uploads\/2021\/04\/avanza-ingenieria-sas-logotipo-santa-helena-de-los-bosques.png&#8221; alt=&#8221;Avanza Ingenier\u00eda S.A.S. &#8211; Logotipo Santa Helena de Los Pinos&#8221; _builder_version=&#8221;4.13.0&#8243; _module_preset=&#8221;default&#8221; header_text_align=&#8221;center&#8221; transform_translate_linked__hover=&#8221;off&#8221; global_colors_info=&#8221;{}&#8221; transform_styles__hover_enabled=&#8221;on|desktop&#8221; transform_scale__hover_enabled=&#8221;on|desktop&#8221; transform_translate__hover_enabled=&#8221;on|desktop&#8221; transform_rotate__hover_enabled=&#8221;on|desktop&#8221; transform_skew__hover_enabled=&#8221;on|desktop&#8221; transform_origin__hover_enabled=&#8221;on|desktop&#8221; transform_translate__hover=&#8221;0px|-3%&#8221;]<\/p>\n<p>Viva en la casa campestre de sus sue\u00f1os a 20 minutos de Pereira v\u00eda Armenia con excelentes espacios comunes y zonas arborizadas que har\u00e1n una experiencia \u00fanica.<\/p>\n<p>[\/et_pb_blurb][et_pb_button button_text=&#8221;Ver m\u00e1s&#8221; button_alignment=&#8221;center&#8221; _builder_version=&#8221;4.9.3&#8243; _module_preset=&#8221;default&#8221; custom_button=&#8221;on&#8221; button_text_size=&#8221;15px&#8221; button_text_color=&#8221;#E2E2E2&#8243; button_use_icon=&#8221;off&#8221; global_colors_info=&#8221;{}&#8221; button_text_color__hover_enabled=&#8221;on|desktop&#8221; button_text_color__hover=&#8221;#0E6581&#8243;][\/et_pb_button][\/et_pb_column][\/et_pb_row][\/et_pb_section]<\/p>\n","protected":false},"excerpt":{"rendered":"<p>Proyectos de ingenier\u00eda civilTipolog\u00eda de nuestras viviendas.Avanza Ingenier\u00eda S.A.S. ha dise\u00f1ado un estilo de vivienda que se adapta perfectamente a a cada uno de los proyectos a elegir, cumpliendo todas la expectativas para un hogar tranquilo, c\u00f3modo y pensado, cumpliendo con los par\u00e1metros de seguridad de construcci\u00f3n actuales. Este tipo de vivienda cuenta en su [&hellip;]<\/p>\n","protected":false},"author":1,"featured_media":0,"parent":436,"menu_order":4,"comment_status":"closed","ping_status":"closed","template":"","meta":{"_et_pb_use_builder":"on","_et_pb_old_content":"","_et_gb_content_width":""},"_links":{"self":[{"href":"https:\/\/avanzaing.com\/ingenieria\/wp-json\/wp\/v2\/pages\/1384"}],"collection":[{"href":"https:\/\/avanzaing.com\/ingenieria\/wp-json\/wp\/v2\/pages"}],"about":[{"href":"https:\/\/avanzaing.com\/ingenieria\/wp-json\/wp\/v2\/types\/page"}],"author":[{"embeddable":true,"href":"https:\/\/avanzaing.com\/ingenieria\/wp-json\/wp\/v2\/users\/1"}],"replies":[{"embeddable":true,"href":"https:\/\/avanzaing.com\/ingenieria\/wp-json\/wp\/v2\/comments?post=1384"}],"version-history":[{"count":12,"href":"https:\/\/avanzaing.com\/ingenieria\/wp-json\/wp\/v2\/pages\/1384\/revisions"}],"predecessor-version":[{"id":1457,"href":"https:\/\/avanzaing.com\/ingenieria\/wp-json\/wp\/v2\/pages\/1384\/revisions\/1457"}],"up":[{"embeddable":true,"href":"https:\/\/avanzaing.com\/ingenieria\/wp-json\/wp\/v2\/pages\/436"}],"wp:attachment":[{"href":"https:\/\/avanzaing.com\/ingenieria\/wp-json\/wp\/v2\/media?parent=1384"}],"curies":[{"name":"wp","href":"https:\/\/api.w.org\/{rel}","templated":true}]}}